{"id":19,"date":"2025-03-14T09:31:15","date_gmt":"2025-03-14T12:31:15","guid":{"rendered":"https:\/\/difripar.com.br\/?page_id=19"},"modified":"2025-03-18T12:59:26","modified_gmt":"2025-03-18T15:59:26","slug":"home","status":"publish","type":"page","link":"https:\/\/difripar.com.br\/","title":{"rendered":"Home"},"content":{"rendered":"<div id='layer_slider_1'  class='avia-layerslider main_color avia-shadow  avia-builder-el-0  el_before_av_section  avia-builder-el-first  container_wrap fullsize'  style='height: 501px; max-width: 1920px; margin: 0 auto;'  ><\/div>\n<div id='av_section_1'  class='avia-section av-wv1f-b3d64850f8410ababf1347d76de57972 main_color avia-section-default avia-no-border-styling  avia-builder-el-1  el_after_av_layerslider  el_before_av_layout_row  avia-bg-style-scroll container_wrap fullsize'  ><div class='container av-section-cont-open' ><div class='template-page content  av-content-full alpha units'><div class='post-entry post-entry-type-page post-entry-19'><div class='entry-content-wrapper clearfix'>\n<div  class='flex_column av-26h8v-accee3afd9e856551d1085bce88ca564 av_one_fourth  avia-builder-el-2  el_before_av_one_fourth  avia-builder-el-first  first flex_column_div av-animated-generic left-to-right  '     ><style type=\"text\/css\" data-created_by=\"avia_inline_auto\" id=\"style-css-av-m88xdwnd-7e527738bc73739f36498b8cda9c11e7\">\n.avia-image-container.av-m88xdwnd-7e527738bc73739f36498b8cda9c11e7 img.avia_image{\nbox-shadow:none;\n}\n.avia-image-container.av-m88xdwnd-7e527738bc73739f36498b8cda9c11e7 .av-image-caption-overlay-center{\ncolor:#ffffff;\n}\n<\/style>\n<div  class='avia-image-container av-m88xdwnd-7e527738bc73739f36498b8cda9c11e7 av-styling- avia-align-center  avia-builder-el-3  avia-builder-el-no-sibling '   itemprop=\"image\" itemscope=\"itemscope\" itemtype=\"https:\/\/schema.org\/ImageObject\" ><div class=\"avia-image-container-inner\"><div class=\"avia-image-overlay-wrap\"><img decoding=\"async\" fetchpriority=\"high\" class='wp-image-73 avia-img-lazy-loading-not-73 avia_image ' src=\"https:\/\/difripar.com.br\/wp-content\/uploads\/2025\/03\/marcas-tirol.png\" alt='' title='marcas-tirol'  height=\"1182\" width=\"1772\"  itemprop=\"thumbnailUrl\" srcset=\"https:\/\/difripar.com.br\/wp-content\/uploads\/2025\/03\/marcas-tirol.png 1772w, https:\/\/difripar.com.br\/wp-content\/uploads\/2025\/03\/marcas-tirol-300x200.png 300w, https:\/\/difripar.com.br\/wp-content\/uploads\/2025\/03\/marcas-tirol-1030x687.png 1030w, https:\/\/difripar.com.br\/wp-content\/uploads\/2025\/03\/marcas-tirol-768x512.png 768w, https:\/\/difripar.com.br\/wp-content\/uploads\/2025\/03\/marcas-tirol-1536x1025.png 1536w, https:\/\/difripar.com.br\/wp-content\/uploads\/2025\/03\/marcas-tirol-1500x1001.png 1500w, https:\/\/difripar.com.br\/wp-content\/uploads\/2025\/03\/marcas-tirol-705x470.png 705w\" sizes=\"(max-width: 1772px) 100vw, 1772px\" \/><\/div><\/div><\/div><\/div><div  class='flex_column av-1zxd7-d1dbe53f67c71d36e69a10b61046ba63 av_one_fourth  avia-builder-el-4  el_after_av_one_fourth  el_before_av_one_fourth  flex_column_div av-animated-generic bottom-to-top  '     ><style type=\"text\/css\" data-created_by=\"avia_inline_auto\" id=\"style-css-av-m88xe87h-581ccdab01cdd6161d2c7bf75816de27\">\n.avia-image-container.av-m88xe87h-581ccdab01cdd6161d2c7bf75816de27 img.avia_image{\nbox-shadow:none;\n}\n.avia-image-container.av-m88xe87h-581ccdab01cdd6161d2c7bf75816de27 .av-image-caption-overlay-center{\ncolor:#ffffff;\n}\n<\/style>\n<div  class='avia-image-container av-m88xe87h-581ccdab01cdd6161d2c7bf75816de27 av-styling- avia-align-center  avia-builder-el-5  avia-builder-el-no-sibling '   itemprop=\"image\" itemscope=\"itemscope\" itemtype=\"https:\/\/schema.org\/ImageObject\" ><div class=\"avia-image-container-inner\"><div class=\"avia-image-overlay-wrap\"><img decoding=\"async\" fetchpriority=\"high\" class='wp-image-71 avia-img-lazy-loading-not-71 avia_image ' src=\"https:\/\/difripar.com.br\/wp-content\/uploads\/2025\/03\/marcas-seara.png\" alt='' title='marcas-seara'  height=\"1182\" width=\"1773\"  itemprop=\"thumbnailUrl\" srcset=\"https:\/\/difripar.com.br\/wp-content\/uploads\/2025\/03\/marcas-seara.png 1773w, https:\/\/difripar.com.br\/wp-content\/uploads\/2025\/03\/marcas-seara-300x200.png 300w, https:\/\/difripar.com.br\/wp-content\/uploads\/2025\/03\/marcas-seara-1030x687.png 1030w, https:\/\/difripar.com.br\/wp-content\/uploads\/2025\/03\/marcas-seara-768x512.png 768w, https:\/\/difripar.com.br\/wp-content\/uploads\/2025\/03\/marcas-seara-1536x1024.png 1536w, https:\/\/difripar.com.br\/wp-content\/uploads\/2025\/03\/marcas-seara-1500x1000.png 1500w, https:\/\/difripar.com.br\/wp-content\/uploads\/2025\/03\/marcas-seara-705x470.png 705w\" sizes=\"(max-width: 1773px) 100vw, 1773px\" \/><\/div><\/div><\/div><\/div><div  class='flex_column av-1kh1f-4d240aa3316235528bee897e0f9a125a av_one_fourth  avia-builder-el-6  el_after_av_one_fourth  el_before_av_one_fourth  flex_column_div av-animated-generic bottom-to-top  '     ><style type=\"text\/css\" data-created_by=\"avia_inline_auto\" id=\"style-css-av-m88xeejb-7208b08205475e87657ff5d3e37f57ce\">\n.avia-image-container.av-m88xeejb-7208b08205475e87657ff5d3e37f57ce img.avia_image{\nbox-shadow:none;\n}\n.avia-image-container.av-m88xeejb-7208b08205475e87657ff5d3e37f57ce .av-image-caption-overlay-center{\ncolor:#ffffff;\n}\n<\/style>\n<div  class='avia-image-container av-m88xeejb-7208b08205475e87657ff5d3e37f57ce av-styling- avia-align-center  avia-builder-el-7  avia-builder-el-no-sibling '   itemprop=\"image\" itemscope=\"itemscope\" itemtype=\"https:\/\/schema.org\/ImageObject\" ><div class=\"avia-image-container-inner\"><div class=\"avia-image-overlay-wrap\"><img decoding=\"async\" fetchpriority=\"high\" class='wp-image-208 avia-img-lazy-loading-not-208 avia_image ' src=\"https:\/\/difripar.com.br\/wp-content\/uploads\/2025\/03\/marcas-liane.png\" alt='' title='marcas-liane'  height=\"1182\" width=\"1772\"  itemprop=\"thumbnailUrl\" srcset=\"https:\/\/difripar.com.br\/wp-content\/uploads\/2025\/03\/marcas-liane.png 1772w, https:\/\/difripar.com.br\/wp-content\/uploads\/2025\/03\/marcas-liane-300x200.png 300w, https:\/\/difripar.com.br\/wp-content\/uploads\/2025\/03\/marcas-liane-1030x687.png 1030w, https:\/\/difripar.com.br\/wp-content\/uploads\/2025\/03\/marcas-liane-768x512.png 768w, https:\/\/difripar.com.br\/wp-content\/uploads\/2025\/03\/marcas-liane-1536x1025.png 1536w, https:\/\/difripar.com.br\/wp-content\/uploads\/2025\/03\/marcas-liane-1500x1001.png 1500w, https:\/\/difripar.com.br\/wp-content\/uploads\/2025\/03\/marcas-liane-705x470.png 705w\" sizes=\"(max-width: 1772px) 100vw, 1772px\" \/><\/div><\/div><\/div><\/div><div  class='flex_column av-xudn-9f73e79c22532dd7471decb98b9ab4da av_one_fourth  avia-builder-el-8  el_after_av_one_fourth  avia-builder-el-last  flex_column_div av-animated-generic right-to-left  '     ><style type=\"text\/css\" data-created_by=\"avia_inline_auto\" id=\"style-css-av-m88xekih-a832eb7a2daed28d98bf039043659be0\">\n.avia-image-container.av-m88xekih-a832eb7a2daed28d98bf039043659be0 img.avia_image{\nbox-shadow:none;\n}\n.avia-image-container.av-m88xekih-a832eb7a2daed28d98bf039043659be0 .av-image-caption-overlay-center{\ncolor:#ffffff;\n}\n<\/style>\n<div  class='avia-image-container av-m88xekih-a832eb7a2daed28d98bf039043659be0 av-styling- avia-align-center  avia-builder-el-9  avia-builder-el-no-sibling '   itemprop=\"image\" itemscope=\"itemscope\" itemtype=\"https:\/\/schema.org\/ImageObject\" ><div class=\"avia-image-container-inner\"><div class=\"avia-image-overlay-wrap\"><img decoding=\"async\" fetchpriority=\"high\" class='wp-image-70 avia-img-lazy-loading-not-70 avia_image ' src=\"https:\/\/difripar.com.br\/wp-content\/uploads\/2025\/03\/marcas-rezende.png\" alt='' title='marcas-rezende'  height=\"1182\" width=\"1772\"  itemprop=\"thumbnailUrl\" srcset=\"https:\/\/difripar.com.br\/wp-content\/uploads\/2025\/03\/marcas-rezende.png 1772w, https:\/\/difripar.com.br\/wp-content\/uploads\/2025\/03\/marcas-rezende-300x200.png 300w, https:\/\/difripar.com.br\/wp-content\/uploads\/2025\/03\/marcas-rezende-1030x687.png 1030w, https:\/\/difripar.com.br\/wp-content\/uploads\/2025\/03\/marcas-rezende-768x512.png 768w, https:\/\/difripar.com.br\/wp-content\/uploads\/2025\/03\/marcas-rezende-1536x1025.png 1536w, https:\/\/difripar.com.br\/wp-content\/uploads\/2025\/03\/marcas-rezende-1500x1001.png 1500w, https:\/\/difripar.com.br\/wp-content\/uploads\/2025\/03\/marcas-rezende-705x470.png 705w\" sizes=\"(max-width: 1772px) 100vw, 1772px\" \/><\/div><\/div><\/div><\/div>\n\n<\/div><\/div><\/div><!-- close content main div --><\/div><\/div><div id='av-layout-grid-1'  class='av-layout-grid-container av-32won-a2767999aae127f81d3a31a59a5958ff entry-content-wrapper main_color av-flex-cells  avia-builder-el-10  el_after_av_section  el_before_av_section  grid-row-not-first  container_wrap fullsize'  >\n\n<style type=\"text\/css\" data-created_by=\"avia_inline_auto\" id=\"style-css-av-2xijr-18bf268ab77770486d1ce69ac369c1d9\">\n.flex_cell.av-2xijr-18bf268ab77770486d1ce69ac369c1d9{\nvertical-align:middle;\nbackground:url(https:\/\/difripar.com.br\/wp-content\/uploads\/2025\/03\/home-fundo.jpg) 50% 50% no-repeat fixed ;\n}\n<\/style>\n<div class='flex_cell av-2xijr-18bf268ab77770486d1ce69ac369c1d9 av-gridrow-cell av_one_half no_margin  avia-builder-el-11  el_before_av_cell_one_half  avia-builder-el-first  content-align-middle avia-full-stretch'  ><div class='flex_cell_inner'>\n<style type=\"text\/css\" data-created_by=\"avia_inline_auto\" id=\"style-css-av-m8d4dedc-17781332f321d486f2bf03bc07cc4fe9\">\n#top .hr.hr-invisible.av-m8d4dedc-17781332f321d486f2bf03bc07cc4fe9{\nheight:400px;\n}\n<\/style>\n<div  class='hr av-m8d4dedc-17781332f321d486f2bf03bc07cc4fe9 hr-invisible  avia-builder-el-12  avia-builder-el-no-sibling '><span class='hr-inner '><span class=\"hr-inner-style\"><\/span><\/span><\/div>\n<\/div><\/div>\n<style type=\"text\/css\" data-created_by=\"avia_inline_auto\" id=\"style-css-av-1yffj-89f3853a4f119f050a43f41f31ff1a2a\">\n.flex_cell.av-1yffj-89f3853a4f119f050a43f41f31ff1a2a{\nvertical-align:middle;\nbackground-color:#ededed;\n}\n.responsive #top #wrap_all .flex_cell.av-1yffj-89f3853a4f119f050a43f41f31ff1a2a{\npadding:30px 30px 30px 30px !important;\n}\n<\/style>\n<div class='flex_cell av-1yffj-89f3853a4f119f050a43f41f31ff1a2a av-gridrow-cell av_one_half no_margin  avia-builder-el-13  el_after_av_cell_one_half  avia-builder-el-last  content-align-middle'  ><div class='flex_cell_inner'><p>\n<style type=\"text\/css\" data-created_by=\"avia_inline_auto\" id=\"style-css-av-v9ef-9523047f782b9bc29833176a4d4473b6\">\n#top .hr.hr-invisible.av-v9ef-9523047f782b9bc29833176a4d4473b6{\nheight:40px;\n}\n<\/style>\n<div  class='hr av-v9ef-9523047f782b9bc29833176a4d4473b6 hr-invisible  avia-builder-el-14  el_before_av_three_fifth  avia-builder-el-first '><span class='hr-inner '><span class=\"hr-inner-style\"><\/span><\/span><\/div><br \/>\n<div  class='flex_column av-5cg6f-0092292cbe5b111a4af951cda00eb832 av_three_fifth  avia-builder-el-15  el_after_av_hr  el_before_av_two_fifth  first flex_column_div av-animated-generic right-to-left  '     ><p>\n<style type=\"text\/css\" data-created_by=\"avia_inline_auto\" id=\"style-css-av-4h7bz-3e28440d3e8cd40ea92449155d04819c\">\n#top .av-special-heading.av-4h7bz-3e28440d3e8cd40ea92449155d04819c{\npadding-bottom:10px;\n}\nbody .av-special-heading.av-4h7bz-3e28440d3e8cd40ea92449155d04819c .av-special-heading-tag .heading-char{\nfont-size:25px;\n}\n.av-special-heading.av-4h7bz-3e28440d3e8cd40ea92449155d04819c .av-subheading{\nfont-size:15px;\n}\n<\/style>\n<div  class='av-special-heading av-4h7bz-3e28440d3e8cd40ea92449155d04819c av-special-heading-h3 blockquote modern-quote  avia-builder-el-16  el_before_av_textblock  avia-builder-el-first '><h3 class='av-special-heading-tag '  itemprop=\"headline\"  >MAIS OP\u00c7\u00d5ES, MENOR CUSTO, MAIS QUALIDADE!<\/h3><div class=\"special-heading-border\"><div class=\"special-heading-inner-border\"><\/div><\/div><\/div><br \/>\n<section  class='av_textblock_section av-3op0r-f7586577a07abff627e736409c085e74 '   itemscope=\"itemscope\" itemtype=\"https:\/\/schema.org\/CreativeWork\" ><div class='avia_textblock'  itemprop=\"text\" ><p style=\"text-align: justify;\">Na nossa distribuidora de alimentos congelados, trabalhamos com as melhores marcas do mercado, como Seara e Tirol, oferecendo produtos de excel\u00eancia com log\u00edstica altamente competitiva. Nosso compromisso \u00e9 atender sua empresa com agilidade, pontualidade e total seriedade, garantindo a entrega dos seus pedidos diretamente na sua porta, sempre no prazo estabelecido.<\/p>\n<p style=\"text-align: justify;\">Nos preocupamos com a higiene e seguran\u00e7a de nossos colaboradores, bem como com a limpeza e manuten\u00e7\u00e3o rigorosa de nossos caminh\u00f5es, para que a qualidade dos produtos seja preservada durante todo o processo. Todos os itens s\u00e3o devidamente embalados e armazenados em condi\u00e7\u00f5es de refrigera\u00e7\u00e3o adequadas, assegurando sua integridade at\u00e9 a entrega final.<\/p>\n<p style=\"text-align: justify;\">Nosso compromisso \u00e9 atuar com total transpar\u00eancia, seguran\u00e7a e honestidade, proporcionando solu\u00e7\u00f5es confi\u00e1veis para o seu neg\u00f3cio.<\/p>\n<\/div><\/section><br \/>\n\n<style type=\"text\/css\" data-created_by=\"avia_inline_auto\" id=\"style-css-av-3ehi7-2a9b1ee9e9367e4995912e6cde0119d6\">\n#top .hr.hr-invisible.av-3ehi7-2a9b1ee9e9367e4995912e6cde0119d6{\nheight:30px;\n}\n<\/style>\n<div  class='hr av-3ehi7-2a9b1ee9e9367e4995912e6cde0119d6 hr-invisible  avia-builder-el-18  el_after_av_textblock  el_before_av_button '><span class='hr-inner '><span class=\"hr-inner-style\"><\/span><\/span><\/div><br \/>\n<div  class='avia-button-wrap av-2x6z3-642944565861031c759f4afcc5e4ba7e-wrap avia-button-left  avia-builder-el-19  el_after_av_hr  avia-builder-el-last '>\n<style type=\"text\/css\" data-created_by=\"avia_inline_auto\" id=\"style-css-av-2x6z3-642944565861031c759f4afcc5e4ba7e\">\n#top #wrap_all .avia-button.av-2x6z3-642944565861031c759f4afcc5e4ba7e{\nborder-radius:10px 10px 10px 10px;\ntransition:all 0.4s ease-in-out;\n}\n#top #wrap_all.avia-button.av-2x6z3-642944565861031c759f4afcc5e4ba7e:hover .avia_button_background{\nborder-radius:10px 10px 10px 10px;\n}\n<\/style>\n<a href='https:\/\/difripar.com.br\/?page_id=25'  class='avia-button av-2x6z3-642944565861031c759f4afcc5e4ba7e av-link-btn avia-icon_select-yes-left-icon avia-size-x-large avia-position-left avia-color-theme-color'   aria-label=\"Produtos\"><span class='avia_button_icon avia_button_icon_left avia-iconfont avia-font-entypo-fontello' data-av_icon='\ue8d3' data-av_iconfont='entypo-fontello' ><\/span><span class='avia_iconbox_title' >Produtos<\/span><\/a><\/div><\/p><\/div><div  class='flex_column av-1yvk3-b3aca7e2221b2789f10d860235f2e4b4 av_two_fifth  avia-builder-el-20  el_after_av_three_fifth  el_before_av_hr  flex_column_div  '     ><\/div>\n<style type=\"text\/css\" data-created_by=\"avia_inline_auto\" id=\"style-css-av-m8d7ly7w-c60b2812ab99e0b5df535f756b47e3a6\">\n#top .hr.hr-invisible.av-m8d7ly7w-c60b2812ab99e0b5df535f756b47e3a6{\nheight:40px;\n}\n<\/style>\n<div  class='hr av-m8d7ly7w-c60b2812ab99e0b5df535f756b47e3a6 hr-invisible  avia-builder-el-21  el_after_av_two_fifth  avia-builder-el-last '><span class='hr-inner '><span class=\"hr-inner-style\"><\/span><\/span><\/div><\/p>\n<\/div><\/div>\n<\/div>\n<div id='av_section_2'  class='avia-section av-1g1uv-87f97a08f569b9be760ce66f6fc2cd87 main_color avia-section-large avia-shadow  avia-builder-el-22  el_after_av_layout_row  el_before_av_slideshow_accordion  avia-bg-style-scroll container_wrap fullsize'  ><div class='container av-section-cont-open' ><div class='template-page content  av-content-full alpha units'><div class='post-entry post-entry-type-page post-entry-19'><div class='entry-content-wrapper clearfix'>\n<div  class='flex_column av-1dwp3-17aae98bd1a1dee31cd38c8624160afe av_one_half  avia-builder-el-23  el_before_av_one_half  avia-builder-el-first  first flex_column_div av-animated-generic left-to-right  '     ><p>\n<style type=\"text\/css\" data-created_by=\"avia_inline_auto\" id=\"style-css-av-1i0az-5dccf43972df8f61c6de69a6571cf043\">\n#top .av-special-heading.av-1i0az-5dccf43972df8f61c6de69a6571cf043{\npadding-bottom:10px;\n}\nbody .av-special-heading.av-1i0az-5dccf43972df8f61c6de69a6571cf043 .av-special-heading-tag .heading-char{\nfont-size:25px;\n}\n.av-special-heading.av-1i0az-5dccf43972df8f61c6de69a6571cf043 .av-subheading{\nfont-size:15px;\n}\n<\/style>\n<div  class='av-special-heading av-1i0az-5dccf43972df8f61c6de69a6571cf043 av-special-heading-h3 blockquote modern-quote  avia-builder-el-24  el_before_av_textblock  avia-builder-el-first '><h3 class='av-special-heading-tag '  itemprop=\"headline\"  >Ser\u00e1 um prazer t\u00ea-lo como nosso cliente!<\/h3><div class=\"special-heading-border\"><div class=\"special-heading-inner-border\"><\/div><\/div><\/div><br \/>\n<section  class='av_textblock_section av-m8d3mnpp-2eba1c2ab98fcdf4f294ab7cf1218b06 '   itemscope=\"itemscope\" itemtype=\"https:\/\/schema.org\/CreativeWork\" ><div class='avia_textblock'  itemprop=\"text\" ><p style=\"text-align: justify;\">Nossa equipe altamente capacitada est\u00e1 completamente preparada para atend\u00ea-lo de maneira personalizada, buscando compreender em detalhes todas as suas necessidades e exig\u00eancias no que se refere ao fornecimento dos produtos. Nosso compromisso \u00e9 proporcionar a voc\u00ea uma experi\u00eancia de atendimento eficiente e de qualidade, sempre com o objetivo de superar suas expectativas.<br \/>\nAl\u00e9m disso, garantimos a entrega de seus pedidos de forma r\u00e1pida e \u00e1gil, para diversas regi\u00f5es, assegurando que seus produtos cheguem com a pontualidade e confian\u00e7a que voc\u00ea precisa. Trabalhamos constantemente para oferecer as melhores condi\u00e7\u00f5es de mercado, com pre\u00e7os altamente competitivos, proporcionando economia sem abrir m\u00e3o da excel\u00eancia no servi\u00e7o.<br \/>\nTudo isso com o foco principal em garantir que seus clientes fiquem satisfeitos e felizes com a qualidade dos produtos e servi\u00e7os que oferecemos. Nosso compromisso \u00e9 fazer com que voc\u00ea e seus clientes tenham uma experi\u00eancia completa, positiva e sem preocupa\u00e7\u00f5es.<\/p>\n<\/div><\/section><br \/>\n\n<style type=\"text\/css\" data-created_by=\"avia_inline_auto\" id=\"style-css-av-m8d4umd5-3d467372a9107da75e74011098e43464\">\n#top .hr.hr-invisible.av-m8d4umd5-3d467372a9107da75e74011098e43464{\nheight:30px;\n}\n<\/style>\n<div  class='hr av-m8d4umd5-3d467372a9107da75e74011098e43464 hr-invisible  avia-builder-el-26  el_after_av_textblock  el_before_av_button '><span class='hr-inner '><span class=\"hr-inner-style\"><\/span><\/span><\/div><br \/>\n<div  class='avia-button-wrap av-m8d4nvf2-199da02aa94c097e9c7494184ae8bada-wrap avia-button-right  avia-builder-el-27  el_after_av_hr  avia-builder-el-last '>\n<style type=\"text\/css\" data-created_by=\"avia_inline_auto\" id=\"style-css-av-m8d4nvf2-199da02aa94c097e9c7494184ae8bada\">\n#top #wrap_all .avia-button.av-m8d4nvf2-199da02aa94c097e9c7494184ae8bada{\nborder-radius:10px 10px 10px 10px;\ntransition:all 0.4s ease-in-out;\n}\n#top #wrap_all .avia-button.av-m8d4nvf2-199da02aa94c097e9c7494184ae8bada:hover{\nbackground-color:#00af7b;\ncolor:white;\ntransition:all 0.4s ease-in-out;\n}\n#top #wrap_all.avia-button.av-m8d4nvf2-199da02aa94c097e9c7494184ae8bada:hover .avia_button_background{\nborder-radius:10px 10px 10px 10px;\n}\n#top #wrap_all .avia-button.av-m8d4nvf2-199da02aa94c097e9c7494184ae8bada:hover .avia-svg-icon svg:first-child{\nfill:white;\nstroke:white;\n}\n<\/style>\n<a href='https:\/\/difripar.com.br\/?page_id=25'  class='avia-button av-m8d4nvf2-199da02aa94c097e9c7494184ae8bada av-link-btn avia-icon_select-yes-left-icon avia-size-x-large avia-position-right av-icon-on-hover avia-color-theme-color avia-font-color-theme-color'   aria-label=\"Contato\"><span class='avia_button_icon avia_button_icon_left avia-iconfont avia-font-entypo-fontello' data-av_icon='\uf232' data-av_iconfont='entypo-fontello' ><\/span><span class='avia_iconbox_title' >Contato<\/span><\/a><\/div><\/p><\/div><div  class='flex_column av-usqf-d2596627ebaa27fc7b436f02e89849af av_one_half  avia-builder-el-28  el_after_av_one_half  avia-builder-el-last  flex_column_div av-animated-generic right-to-left  '     ><style type=\"text\/css\" data-created_by=\"avia_inline_auto\" id=\"style-css-av-qyjf-a6a88f6ae1d944c6e5c89ddb6cd53fc3\">\n.avia-image-container.av-qyjf-a6a88f6ae1d944c6e5c89ddb6cd53fc3 img.avia_image{\nbox-shadow:none;\n}\n.avia-image-container.av-qyjf-a6a88f6ae1d944c6e5c89ddb6cd53fc3 .av-image-caption-overlay-center{\ncolor:#ffffff;\n}\n<\/style>\n<div  class='avia-image-container av-qyjf-a6a88f6ae1d944c6e5c89ddb6cd53fc3 av-styling- avia-align-center  avia-builder-el-29  avia-builder-el-no-sibling '   itemprop=\"image\" itemscope=\"itemscope\" itemtype=\"https:\/\/schema.org\/ImageObject\" ><div class=\"avia-image-container-inner\"><div class=\"avia-image-overlay-wrap\"><img decoding=\"async\" fetchpriority=\"high\" class='wp-image-125 avia-img-lazy-loading-not-125 avia_image ' src=\"https:\/\/difripar.com.br\/wp-content\/uploads\/2025\/03\/imagem-home-png.png\" alt='' title='imagem-home-png'  height=\"495\" width=\"521\"  itemprop=\"thumbnailUrl\" srcset=\"https:\/\/difripar.com.br\/wp-content\/uploads\/2025\/03\/imagem-home-png.png 521w, https:\/\/difripar.com.br\/wp-content\/uploads\/2025\/03\/imagem-home-png-300x285.png 300w\" sizes=\"(max-width: 521px) 100vw, 521px\" \/><\/div><\/div><\/div><\/div>\n<style type=\"text\/css\" data-created_by=\"avia_inline_auto\" id=\"style-css-av-m8d5j887-6069c2ffa43c4d63962d0df3626d0e0f\">\n.avia-accordion.av-m8d5j887-6069c2ffa43c4d63962d0df3626d0e0f{\nmax-height:630px;\n}\n.avia-accordion.av-m8d5j887-6069c2ffa43c4d63962d0df3626d0e0f .aviaccordion-preview{\nwidth:34.1%;\n}\n.avia-accordion .aviaccordion-slide.av-m8d5j887-6069c2ffa43c4d63962d0df3626d0e0f__0{\nleft:0%;\n}\n.avia-accordion .aviaccordion-slide.av-m8d5j887-6069c2ffa43c4d63962d0df3626d0e0f__1{\nleft:33.333333333333%;\n}\n.avia-accordion .aviaccordion-slide.av-m8d5j887-6069c2ffa43c4d63962d0df3626d0e0f__2{\nleft:66.666666666667%;\n}\n<\/style>\n<div  id=\"accordion_slider_1\"  class='aviaccordion avia-accordion av-m8d5j887-6069c2ffa43c4d63962d0df3626d0e0f aviaccordion-title-inactive av-slideshow-autoplay av-loop-endless ' data-slideshow-options=\"{&quot;interval&quot;:6,&quot;autoplay&quot;:true,&quot;loop_autoplay&quot;:&quot;endless&quot;}\"  itemscope=\"itemscope\" itemtype=\"https:\/\/schema.org\/Blog\" ><ul class=\"aviaccordion-inner\"><li class='aviaccordion-slide av-m8d5j887-6069c2ffa43c4d63962d0df3626d0e0f__0 aviaccordion-slide-1' data-av-left='0'  itemscope=\"itemscope\" itemtype=\"https:\/\/schema.org\/CreativeWork\" ><a class='aviaccordion-slide-link noHover' href=\"https:\/\/difripar.com.br\/?page_id=25\"  ><div class='aviaccordion-preview av-accordion-text-center'><\/div><img loading=\"lazy\" decoding=\"async\" width=\"1500\" height=\"630\" src=\"https:\/\/difripar.com.br\/wp-content\/uploads\/2025\/03\/home-seara-1500x630.jpg\" class=\"aviaccordion-image\" alt=\"\" \/><\/a><\/li><li class='aviaccordion-slide av-m8d5j887-6069c2ffa43c4d63962d0df3626d0e0f__1 aviaccordion-slide-2' data-av-left='33.333333333333'  itemscope=\"itemscope\" itemtype=\"https:\/\/schema.org\/CreativeWork\" ><a class='aviaccordion-slide-link noHover' href=\"https:\/\/difripar.com.br\/?page_id=28\"  ><div class='aviaccordion-preview av-accordion-text-center'><\/div><img loading=\"lazy\" decoding=\"async\" width=\"1500\" height=\"630\" src=\"https:\/\/difripar.com.br\/wp-content\/uploads\/2025\/03\/home-tirol-1500x630.jpg\" class=\"aviaccordion-image\" alt=\"\" \/><\/a><\/li><li class='aviaccordion-slide av-m8d5j887-6069c2ffa43c4d63962d0df3626d0e0f__2 aviaccordion-slide-3' data-av-left='66.666666666667'  itemscope=\"itemscope\" itemtype=\"https:\/\/schema.org\/CreativeWork\" ><a class='aviaccordion-slide-link noHover' href=\"https:\/\/difripar.com.br\/?page_id=36\"  ><div class='aviaccordion-preview av-accordion-text-center'><\/div><img loading=\"lazy\" decoding=\"async\" width=\"1500\" height=\"630\" src=\"https:\/\/difripar.com.br\/wp-content\/uploads\/2025\/03\/home-rezende-1500x630.jpg\" class=\"aviaccordion-image\" alt=\"\" \/><\/a><\/li><\/ul><div class='aviaccordion-spacer' style='padding-bottom:42%'><\/div><\/div><\/p>\n<div id='av_section_3'  class='avia-section av-m8d78rpl-bc126f89ecd382db5fd4736bf7f9e7fe main_color avia-section-large avia-shadow  avia-builder-el-31  el_after_av_slideshow_accordion  avia-builder-el-last  avia-bg-style-scroll container_wrap fullsize'  ><div class='container av-section-cont-open' ><div class='template-page content  av-content-full alpha units'><div class='post-entry post-entry-type-page post-entry-19'><div class='entry-content-wrapper clearfix'>\n<div  class='flex_column av-ojcj-4b1a2ea257579ecf2babd8f45e89f62d av_one_full  avia-builder-el-32  avia-builder-el-no-sibling  first flex_column_div  '     ><style type=\"text\/css\" data-created_by=\"avia_inline_auto\" id=\"style-css-av-m8d3n0rc-5278e8f9d5afb12bf06a95b257c7f35f\">\n#top .av-special-heading.av-m8d3n0rc-5278e8f9d5afb12bf06a95b257c7f35f{\npadding-bottom:10px;\n}\nbody .av-special-heading.av-m8d3n0rc-5278e8f9d5afb12bf06a95b257c7f35f .av-special-heading-tag .heading-char{\nfont-size:25px;\n}\n.av-special-heading.av-m8d3n0rc-5278e8f9d5afb12bf06a95b257c7f35f .av-subheading{\nfont-size:15px;\n}\n<\/style>\n<div  class='av-special-heading av-m8d3n0rc-5278e8f9d5afb12bf06a95b257c7f35f av-special-heading-h3 blockquote modern-quote modern-centered  avia-builder-el-33  avia-builder-el-no-sibling '><h3 class='av-special-heading-tag '  itemprop=\"headline\"  >Aqui ser\u00e1 o Feed do Instagram, quando o site estiver no ar no dom\u00ednio final.<\/h3><div class=\"special-heading-border\"><div class=\"special-heading-inner-border\"><\/div><\/div><\/div><\/div>\n\n","protected":false},"excerpt":{"rendered":"","protected":false},"author":1,"featured_media":0,"parent":0,"menu_order":0,"comment_status":"closed","ping_status":"closed","template":"","meta":{"_joinchat":[],"footnotes":""},"class_list":["post-19","page","type-page","status-publish","hentry"],"_links":{"self":[{"href":"https:\/\/difripar.com.br\/index.php?rest_route=\/wp\/v2\/pages\/19","targetHints":{"allow":["GET"]}}],"collection":[{"href":"https:\/\/difripar.com.br\/index.php?rest_route=\/wp\/v2\/pages"}],"about":[{"href":"https:\/\/difripar.com.br\/index.php?rest_route=\/wp\/v2\/types\/page"}],"author":[{"embeddable":true,"href":"https:\/\/difripar.com.br\/index.php?rest_route=\/wp\/v2\/users\/1"}],"replies":[{"embeddable":true,"href":"https:\/\/difripar.com.br\/index.php?rest_route=%2Fwp%2Fv2%2Fcomments&post=19"}],"version-history":[{"count":23,"href":"https:\/\/difripar.com.br\/index.php?rest_route=\/wp\/v2\/pages\/19\/revisions"}],"predecessor-version":[{"id":213,"href":"https:\/\/difripar.com.br\/index.php?rest_route=\/wp\/v2\/pages\/19\/revisions\/213"}],"wp:attachment":[{"href":"https:\/\/difripar.com.br\/index.php?rest_route=%2Fwp%2Fv2%2Fmedia&parent=19"}],"curies":[{"name":"wp","href":"https:\/\/api.w.org\/{rel}","templated":true}]}}